{"id":371176,"date":"2022-07-11T13:40:46","date_gmt":"2022-07-11T13:40:46","guid":{"rendered":"https:\/\/www.imp-ndt.si\/references\/"},"modified":"2022-08-16T10:13:18","modified_gmt":"2022-08-16T10:13:18","slug":"references","status":"publish","type":"page","link":"https:\/\/www.imp-ndt.si\/en\/references\/","title":{"rendered":"References"},"content":{"rendered":"<p>[et_pb_section fb_built=&#8221;1&#8243; _builder_version=&#8221;4.17.4&#8243; _module_preset=&#8221;default&#8221; background_enable_color=&#8221;off&#8221; background_image=&#8221;https:\/\/www.imp-ndt.si\/wp-content\/uploads\/2022\/07\/title-back.png&#8221; background_position=&#8221;top_right&#8221; custom_padding=&#8221;||0px||false|false&#8221; global_colors_info=&#8221;{}&#8221; theme_builder_area=&#8221;post_content&#8221;][et_pb_row column_structure=&#8221;2_5,3_5&#8243; _builder_version=&#8221;4.17.4&#8243; _module_preset=&#8221;default&#8221; width=&#8221;100%&#8221; max_width=&#8221;none&#8221; custom_padding=&#8221;||0px||false|false&#8221; global_colors_info=&#8221;{}&#8221; theme_builder_area=&#8221;post_content&#8221;][et_pb_column type=&#8221;2_5&#8243; _builder_version=&#8221;4.17.4&#8243; _module_preset=&#8221;default&#8221; background_color=&#8221;#EE7627&#8243; background_enable_image=&#8221;off&#8221; background_blend=&#8221;multiply&#8221; custom_padding=&#8221;27px||15px|5vw|false|false&#8221; animation_style=&#8221;slide&#8221; animation_direction=&#8221;right&#8221; animation_intensity_slide=&#8221;11%&#8221; border_width_right=&#8221;9px&#8221; global_colors_info=&#8221;{}&#8221; theme_builder_area=&#8221;post_content&#8221;][et_pb_post_title meta=&#8221;off&#8221; featured_image=&#8221;off&#8221; _builder_version=&#8221;4.17.4&#8243; _module_preset=&#8221;default&#8221; title_font=&#8221;Poppins|700||on|||||&#8221; title_text_color=&#8221;#FFFFFF&#8221; title_font_size=&#8221;36px&#8221; global_colors_info=&#8221;{}&#8221; theme_builder_area=&#8221;post_content&#8221;][\/et_pb_post_title][\/et_pb_column][et_pb_column type=&#8221;3_5&#8243; _builder_version=&#8221;4.17.4&#8243; _module_preset=&#8221;default&#8221; global_colors_info=&#8221;{}&#8221; theme_builder_area=&#8221;post_content&#8221;][\/et_pb_column][\/et_pb_row][\/et_pb_section][et_pb_section fb_built=&#8221;1&#8243; _builder_version=&#8221;4.17.4&#8243; _module_preset=&#8221;default&#8221; global_colors_info=&#8221;{}&#8221; theme_builder_area=&#8221;post_content&#8221;][et_pb_row _builder_version=&#8221;4.17.4&#8243; _module_preset=&#8221;default&#8221; custom_padding=&#8221;||5px|||&#8221; global_colors_info=&#8221;{}&#8221; theme_builder_area=&#8221;post_content&#8221;][et_pb_column type=&#8221;4_4&#8243; _builder_version=&#8221;4.17.4&#8243; _module_preset=&#8221;default&#8221; global_colors_info=&#8221;{}&#8221; theme_builder_area=&#8221;post_content&#8221;][et_pb_text _builder_version=&#8221;4.17.4&#8243; _module_preset=&#8221;default&#8221; header_2_font=&#8221;|700|||||||&#8221; header_2_text_align=&#8221;left&#8221; custom_margin=&#8221;||9px||false|false&#8221; animation_direction=&#8221;right&#8221; hover_enabled=&#8221;0&#8243; global_colors_info=&#8221;{}&#8221; theme_builder_area=&#8221;post_content&#8221; sticky_enabled=&#8221;0&#8243;]<\/p>\n<h2>Pipelines and constructions<\/h2>\n<p>[\/et_pb_text][et_pb_divider color=&#8221;#EE7627&#8243; divider_weight=&#8221;5px&#8221; _builder_version=&#8221;4.17.4&#8243; _module_preset=&#8221;default&#8221; width=&#8221;100px&#8221; width_tablet=&#8221;100px&#8221; width_phone=&#8221;101px&#8221; width_last_edited=&#8221;on|phone&#8221; module_alignment=&#8221;left&#8221; custom_margin=&#8221;||0px||false|false&#8221; custom_padding=&#8221;||0px||false|false&#8221; animation_style=&#8221;slide&#8221; animation_direction=&#8221;right&#8221; animation_intensity_slide=&#8221;32%&#8221; hover_enabled=&#8221;0&#8243; global_colors_info=&#8221;{}&#8221; theme_builder_area=&#8221;post_content&#8221; sticky_enabled=&#8221;0&#8243;][\/et_pb_divider][\/et_pb_column][\/et_pb_row][et_pb_row _builder_version=&#8221;4.17.4&#8243; _module_preset=&#8221;default&#8221; theme_builder_area=&#8221;post_content&#8221; column_structure=&#8221;1_2,1_2&#8243; custom_padding=&#8221;6px|||||&#8221;][et_pb_column _builder_version=&#8221;4.17.4&#8243; _module_preset=&#8221;default&#8221; type=&#8221;1_2&#8243; theme_builder_area=&#8221;post_content&#8221;][et_pb_text _builder_version=&#8221;4.17.4&#8243; _module_preset=&#8221;default&#8221; theme_builder_area=&#8221;post_content&#8221; hover_enabled=&#8221;0&#8243; sticky_enabled=&#8221;0&#8243;]<\/p>\n<ul>\n<li>Gas pipeline M1\/1 Cer\u0161ak (DN 800, 36 km)<\/li>\n<li>Gas pipeline\u00a0M2\/1 Roga\u0161ka Slatina \u2013 Trojane (DN 800, 67 km)<\/li>\n<li>Gas pipeline\u00a0Kidri\u010devo<\/li>\n<li>Gas\u00a0pipeline\u00a0Male\u010dnik (DN 800 and DN 500, 7 km)<\/li>\n<li>Gas and Compressor stations<\/li>\n<li>Sport Center Sto\u017eice<\/li>\n<li>Bridges<\/li>\n<li>Compressor stations Ajdov\u0161\u010dina and Kidri\u010devo<\/li>\n<\/ul>\n<p>[\/et_pb_text][\/et_pb_column][et_pb_column _builder_version=&#8221;4.17.4&#8243; _module_preset=&#8221;default&#8221; type=&#8221;1_2&#8243; theme_builder_area=&#8221;post_content&#8221;][et_pb_text _builder_version=&#8221;4.17.4&#8243; _module_preset=&#8221;default&#8221; theme_builder_area=&#8221;post_content&#8221; hover_enabled=&#8221;0&#8243; sticky_enabled=&#8221;0&#8243;]<\/p>\n<ul>\n<li>\u0160o\u0161tanj\u00a0Thermal Power Plant\u00a0\u2013\u00a0Repairs<\/li>\n<li>Trbovlje\u00a0Thermal Power Plant<\/li>\n<li>Kr\u0161ko Nuclear Power Plant<\/li>\n<li>Hot water pipelines<\/li>\n<li>Krka, Lek (pharmaceutical technological distribution)<\/li>\n<li>Pressure equipment<\/li>\n<\/ul>\n<p>[\/et_pb_text][\/et_pb_column][\/et_pb_row][et_pb_row _builder_version=&#8221;4.17.4&#8243; _module_preset=&#8221;default&#8221; custom_padding=&#8221;76px||5px|||&#8221; global_colors_info=&#8221;{}&#8221; theme_builder_area=&#8221;post_content&#8221;][et_pb_column type=&#8221;4_4&#8243; _builder_version=&#8221;4.17.4&#8243; _module_preset=&#8221;default&#8221; global_colors_info=&#8221;{}&#8221; theme_builder_area=&#8221;post_content&#8221;][et_pb_text _builder_version=&#8221;4.17.4&#8243; _module_preset=&#8221;default&#8221; header_2_font=&#8221;|700|||||||&#8221; header_2_text_align=&#8221;left&#8221; custom_margin=&#8221;||9px||false|false&#8221; animation_direction=&#8221;right&#8221; hover_enabled=&#8221;0&#8243; global_colors_info=&#8221;{}&#8221; theme_builder_area=&#8221;post_content&#8221; sticky_enabled=&#8221;0&#8243;]<\/p>\n<h2>Castings \u2013 hydro and thermo turbine program<\/h2>\n<p>[\/et_pb_text][et_pb_divider color=&#8221;#EE7627&#8243; divider_weight=&#8221;5px&#8221; _builder_version=&#8221;4.17.4&#8243; _module_preset=&#8221;default&#8221; width=&#8221;100px&#8221; width_tablet=&#8221;100px&#8221; width_phone=&#8221;101px&#8221; width_last_edited=&#8221;on|phone&#8221; module_alignment=&#8221;left&#8221; custom_margin=&#8221;||0px||false|false&#8221; custom_padding=&#8221;||0px||false|false&#8221; animation_style=&#8221;slide&#8221; animation_direction=&#8221;right&#8221; animation_intensity_slide=&#8221;32%&#8221; hover_enabled=&#8221;0&#8243; global_colors_info=&#8221;{}&#8221; theme_builder_area=&#8221;post_content&#8221; sticky_enabled=&#8221;0&#8243;][\/et_pb_divider][\/et_pb_column][\/et_pb_row][et_pb_row _builder_version=&#8221;4.17.4&#8243; _module_preset=&#8221;default&#8221; theme_builder_area=&#8221;post_content&#8221; column_structure=&#8221;1_3,1_3,1_3&#8243; custom_padding=&#8221;6px|||||&#8221;][et_pb_column _builder_version=&#8221;4.17.4&#8243; _module_preset=&#8221;default&#8221; type=&#8221;1_3&#8243; theme_builder_area=&#8221;post_content&#8221;][et_pb_text _builder_version=&#8221;4.17.4&#8243; _module_preset=&#8221;default&#8221; theme_builder_area=&#8221;post_content&#8221; hover_enabled=&#8221;0&#8243; sticky_enabled=&#8221;0&#8243;]<\/p>\n<ul>\n<li>Andritz \u2013 Hoover Dam<\/li>\n<li>Sayano Shushenskaya<\/li>\n<li>Boguchanskaya INCLA<\/li>\n<li>Chief Joseph<\/li>\n<li>Chacayes<\/li>\n<li>Siemens &#8211; El Secundo<\/li>\n<\/ul>\n<p>[\/et_pb_text][\/et_pb_column][et_pb_column _builder_version=&#8221;4.17.4&#8243; _module_preset=&#8221;default&#8221; type=&#8221;1_3&#8243; theme_builder_area=&#8221;post_content&#8221;][et_pb_text _builder_version=&#8221;4.17.4&#8243; _module_preset=&#8221;default&#8221; theme_builder_area=&#8221;post_content&#8221; hover_enabled=&#8221;0&#8243; sticky_enabled=&#8221;0&#8243;]<\/p>\n<ul>\n<li>Glen Canyon<\/li>\n<li>Des Cedres &#8211; Voith<\/li>\n<li>Baksanskaya HPP<\/li>\n<li>Charvakskaya HPP<\/li>\n<li>Alstom LG2<\/li>\n<li>Djerdap HPP<\/li>\n<\/ul>\n<p>[\/et_pb_text][\/et_pb_column][et_pb_column _builder_version=&#8221;4.17.4&#8243; _module_preset=&#8221;default&#8221; type=&#8221;1_3&#8243; theme_builder_area=&#8221;post_content&#8221;][et_pb_text _builder_version=&#8221;4.17.4&#8243; _module_preset=&#8221;default&#8221; theme_builder_area=&#8221;post_content&#8221; hover_enabled=&#8221;0&#8243; sticky_enabled=&#8221;0&#8243;]<\/p>\n<ul>\n<li>Rampur HEP<\/li>\n<li>Andritz Belden<\/li>\n<li>Beauharnois Centrale 3<\/li>\n<li>Palisades<\/li>\n<li>Andino<\/li>\n<li>Turboin\u0161titut<\/li>\n<\/ul>\n<p>[\/et_pb_text][\/et_pb_column][\/et_pb_row][\/et_pb_section]<\/p>\n","protected":false},"excerpt":{"rendered":"<p>Pipelines and constructions Gas pipeline M1\/1 Cer\u0161ak (DN 800, 36 km) Gas pipeline\u00a0M2\/1 Roga\u0161ka Slatina \u2013 Trojane (DN 800, 67 km) Gas pipeline\u00a0Kidri\u010devo Gas\u00a0pipeline\u00a0Male\u010dnik (DN 800 and DN 500, 7 km) Gas and Compressor stations Sport Center Sto\u017eice Bridges Compressor stations Ajdov\u0161\u010dina and Kidri\u010devo \u0160o\u0161tanj\u00a0Thermal Power Plant\u00a0\u2013\u00a0Repairs Trbovlje\u00a0Thermal Power Plant Kr\u0161ko Nuclear Power Plant Hot [&hellip;]<\/p>\n","protected":false},"author":1,"featured_media":0,"parent":0,"menu_order":0,"comment_status":"closed","ping_status":"closed","template":"","meta":{"_et_pb_use_builder":"on","_et_pb_old_content":"","_et_gb_content_width":"","footnotes":""},"class_list":["post-371176","page","type-page","status-publish","hentry"],"_links":{"self":[{"href":"https:\/\/www.imp-ndt.si\/en\/wp-json\/wp\/v2\/pages\/371176","targetHints":{"allow":["GET"]}}],"collection":[{"href":"https:\/\/www.imp-ndt.si\/en\/wp-json\/wp\/v2\/pages"}],"about":[{"href":"https:\/\/www.imp-ndt.si\/en\/wp-json\/wp\/v2\/types\/page"}],"author":[{"embeddable":true,"href":"https:\/\/www.imp-ndt.si\/en\/wp-json\/wp\/v2\/users\/1"}],"replies":[{"embeddable":true,"href":"https:\/\/www.imp-ndt.si\/en\/wp-json\/wp\/v2\/comments?post=371176"}],"version-history":[{"count":0,"href":"https:\/\/www.imp-ndt.si\/en\/wp-json\/wp\/v2\/pages\/371176\/revisions"}],"wp:attachment":[{"href":"https:\/\/www.imp-ndt.si\/en\/wp-json\/wp\/v2\/media?parent=371176"}],"curies":[{"name":"wp","href":"https:\/\/api.w.org\/{rel}","templated":true}]}}